{"id":1196,"date":"2022-03-26T13:54:52","date_gmt":"2022-03-26T13:54:52","guid":{"rendered":"https:\/\/demo.skywebtech.co\/wp-template\/cryptcon\/?page_id=1196"},"modified":"2025-04-30T13:41:51","modified_gmt":"2025-04-30T13:41:51","slug":"about-us","status":"publish","type":"page","link":"https:\/\/finbloom.com.br\/pt\/about-us\/","title":{"rendered":"Sobre n\u00f3s"},"content":{"rendered":"<div data-elementor-type=\"wp-page\" data-elementor-id=\"1196\" class=\"elementor elementor-1196\">\n\t\t\t\t\t\t\t\t\t<section class=\"elementor-section elementor-top-section elementor-element elementor-element-f6b4d07 elementor-section-boxed elementor-section-height-default elementor-section-height-default wpr-multicolor-no wpr-particle-no\" data-id=\"f6b4d07\" data-element_type=\"section\" data-settings=\"{&quot;background_background&quot;:&quot;classic&quot;}\">\n\t\t\t\t\t\t\t<div class=\"elementor-background-overlay\"><\/div>\n\t\t\t\t\t\t\t<div class=\"elementor-container elementor-column-gap-default\">\n\t\t\t\t\t<div class=\"elementor-column elementor-col-100 elementor-top-column elementor-element elementor-element-b4702bb\" data-id=\"b4702bb\" data-element_type=\"column\">\n\t\t\t<div class=\"elementor-widget-wrap elementor-element-populated\">\n\t\t\t\t\t\t\t\t<div class=\"elementor-element elementor-element-ec36d35 elementor-widget elementor-widget-Breadcrumb\" data-id=\"ec36d35\" data-element_type=\"widget\" data-widget_type=\"Breadcrumb.default\">\n\t\t\t\t<div class=\"elementor-widget-container\">\n\t\t\t\r\n  <div class=\"row\">\r\n    <div class=\"col-md-12\">\r\n      <div class=\"page-banner text-center wow fadeInUp\">\r\n                    <h1 class=\"sub-banner-title\">Sobre n\u00f3s<\/h1>\r\n            <ul>\r\n              <li><a href=\"https:\/\/finbloom.com.br\/pt\">P\u00e1gina inicial<\/a><\/li>  \r\n            <\/ul>\r\n                  <\/div>\r\n    <\/div>\r\n  <\/div>\r\n\r\n    \t\t<\/div>\n\t\t\t\t<\/div>\n\t\t\t\t\t<\/div>\n\t\t<\/div>\n\t\t\t\t\t\t\t<\/div>\n\t\t<\/section>\n\t\t\t\t<section class=\"elementor-section elementor-top-section elementor-element elementor-element-b14b0fe elementor-section-boxed elementor-section-height-default elementor-section-height-default wpr-multicolor-no wpr-particle-no\" data-id=\"b14b0fe\" data-element_type=\"section\" data-settings=\"{&quot;background_background&quot;:&quot;classic&quot;}\">\n\t\t\t\t\t\t\t<div class=\"elementor-background-overlay\"><\/div>\n\t\t\t\t\t\t\t<div class=\"elementor-container elementor-column-gap-default\">\n\t\t\t\t\t<div class=\"elementor-column elementor-col-100 elementor-top-column elementor-element elementor-element-f52d1ad\" data-id=\"f52d1ad\" data-element_type=\"column\">\n\t\t\t<div class=\"elementor-widget-wrap elementor-element-populated\">\n\t\t\t\t\t\t\t\t<section class=\"elementor-section elementor-inner-section elementor-element elementor-element-4bdd69e elementor-reverse-tablet elementor-reverse-mobile elementor-section-boxed elementor-section-height-default elementor-section-height-default wpr-multicolor-no wpr-particle-no\" data-id=\"4bdd69e\" data-element_type=\"section\">\n\t\t\t\t\t\t<div class=\"elementor-container elementor-column-gap-default\">\n\t\t\t\t\t<div class=\"elementor-column elementor-col-50 elementor-inner-column elementor-element elementor-element-354ceb4 elementor-invisible\" data-id=\"354ceb4\" data-element_type=\"column\" data-settings=\"{&quot;animation&quot;:&quot;fadeInLeft&quot;}\">\n\t\t\t<div class=\"elementor-widget-wrap elementor-element-populated\">\n\t\t\t\t\t\t\t\t<div class=\"elementor-element elementor-element-dea44a7 elementor-widget elementor-widget-Animatedimage\" data-id=\"dea44a7\" data-element_type=\"widget\" data-widget_type=\"Animatedimage.default\">\n\t\t\t\t<div class=\"elementor-widget-container\">\n\t\t\t\t\t\t\t\t\r\n\t\t\t\t\t\t\t<div class=\"rotate-image\">\r\n\t\t\t\t\t\r\n\r\n\t\t\t\t\t\t\t<img fetchpriority=\"high\" decoding=\"async\" width=\"384\" height=\"433\" src=\"https:\/\/finbloom.com.br\/wp-content\/uploads\/2022\/03\/work-process.png\" class=\"attachment-full size-full wp-image-223\" alt=\"work-process\" srcset=\"https:\/\/finbloom.com.br\/wp-content\/uploads\/2022\/03\/work-process.png 384w, https:\/\/finbloom.com.br\/wp-content\/uploads\/2022\/03\/work-process-266x300.png 266w\" sizes=\"(max-width: 384px) 100vw, 384px\" \/>                \t\t\t\r\n\t\t\t\t\t\t\t<\/div>\r\n\t\t\t\t\r\n\r\n\t\t\t\t\t\t\t\t\t\t\t\t<\/div>\n\t\t\t\t<\/div>\n\t\t\t\t<div class=\"elementor-element elementor-element-9e96f6b elementor-absolute elementor-widget elementor-widget-Animatedimage\" data-id=\"9e96f6b\" data-element_type=\"widget\" data-settings=\"{&quot;_position&quot;:&quot;absolute&quot;}\" data-widget_type=\"Animatedimage.default\">\n\t\t\t\t<div class=\"elementor-widget-container\">\n\t\t\t\t\t\t\t\t\r\n\t\t\t\t\t\t\t<div class=\"work-box-bg\">\r\n\t\t\t\t\t\r\n\r\n\t\t\t\t\t\t\t<img decoding=\"async\" width=\"310\" height=\"306\" src=\"https:\/\/finbloom.com.br\/wp-content\/uploads\/2022\/03\/work-petern.png\" class=\"attachment-full size-full wp-image-1047\" alt=\"work-petern\" srcset=\"https:\/\/finbloom.com.br\/wp-content\/uploads\/2022\/03\/work-petern.png 310w, https:\/\/finbloom.com.br\/wp-content\/uploads\/2022\/03\/work-petern-300x296.png 300w\" sizes=\"(max-width: 310px) 100vw, 310px\" \/>                \t\t\t\r\n\t\t\t\t\t\t\t<\/div>\r\n\t\t\t\t\r\n\r\n\t\t\t\t\t\t\t\t\t\t\t\t<\/div>\n\t\t\t\t<\/div>\n\t\t\t\t\t<\/div>\n\t\t<\/div>\n\t\t\t\t<div class=\"elementor-column elementor-col-50 elementor-inner-column elementor-element elementor-element-ff2dab4 elementor-invisible\" data-id=\"ff2dab4\" data-element_type=\"column\" data-settings=\"{&quot;animation&quot;:&quot;fadeInRight&quot;}\">\n\t\t\t<div class=\"elementor-widget-wrap elementor-element-populated\">\n\t\t\t\t\t\t\t\t<div class=\"elementor-element elementor-element-4f48259 e-transform elementor-widget__width-initial elementor-widget elementor-widget-heading\" data-id=\"4f48259\" data-element_type=\"widget\" data-settings=\"{&quot;_animation&quot;:&quot;none&quot;,&quot;_transform_rotateZ_effect&quot;:{&quot;unit&quot;:&quot;px&quot;,&quot;size&quot;:&quot;&quot;,&quot;sizes&quot;:[]},&quot;_transform_rotateZ_effect_laptop&quot;:{&quot;unit&quot;:&quot;deg&quot;,&quot;size&quot;:&quot;&quot;,&quot;sizes&quot;:[]},&quot;_transform_rotateZ_effect_tablet&quot;:{&quot;unit&quot;:&quot;deg&quot;,&quot;size&quot;:&quot;&quot;,&quot;sizes&quot;:[]},&quot;_transform_rotateZ_effect_mobile&quot;:{&quot;unit&quot;:&quot;deg&quot;,&quot;size&quot;:&quot;&quot;,&quot;sizes&quot;:[]}}\" data-widget_type=\"heading.default\">\n\t\t\t\t<div class=\"elementor-widget-container\">\n\t\t\t<style>\/*! elementor - v3.18.0 - 20-12-2023 *\/\n.elementor-heading-title{padding:0;margin:0;line-height:1}.elementor-widget-heading .elementor-heading-title[class*=elementor-size-]>a{color:inherit;font-size:inherit;line-height:inherit}.elementor-widget-heading .elementor-heading-title.elementor-size-small{font-size:15px}.elementor-widget-heading .elementor-heading-title.elementor-size-medium{font-size:19px}.elementor-widget-heading .elementor-heading-title.elementor-size-large{font-size:29px}.elementor-widget-heading .elementor-heading-title.elementor-size-xl{font-size:39px}.elementor-widget-heading .elementor-heading-title.elementor-size-xxl{font-size:59px}<\/style><h3 class=\"elementor-heading-title elementor-size-default\">Sobre n\u00f3s<\/h3>\t\t<\/div>\n\t\t\t\t<\/div>\n\t\t\t\t<div class=\"elementor-element elementor-element-b8b5a3b elementor-align-left elementor-icon-list--layout-traditional elementor-list-item-link-full_width elementor-widget elementor-widget-icon-list\" data-id=\"b8b5a3b\" data-element_type=\"widget\" data-widget_type=\"icon-list.default\">\n\t\t\t\t<div class=\"elementor-widget-container\">\n\t\t\t<link rel=\"stylesheet\" href=\"https:\/\/finbloom.pl\/wp-content\/uploads\/elementor\/css\/custom-widget-icon-list.min.css?ver=1704807896\">\t\t<ul class=\"elementor-icon-list-items\">\n\t\t\t\t\t\t\t<li class=\"elementor-icon-list-item\">\n\t\t\t\t\t\t\t\t\t\t\t<span class=\"elementor-icon-list-icon\">\n\t\t\t\t\t\t\t<svg aria-hidden=\"true\" class=\"e-font-icon-svg e-fas-check-circle\" viewbox=\"0 0 512 512\" xmlns=\"http:\/\/www.w3.org\/2000\/svg\"><path d=\"M504 256c0 136.967-111.033 248-248 248S8 392.967 8 256 119.033 8 256 8s248 111.033 248 248zM227.314 387.314l184-184c6.248-6.248 6.248-16.379 0-22.627l-22.627-22.627c-6.248-6.249-16.379-6.249-22.628 0L216 308.118l-70.059-70.059c-6.248-6.248-16.379-6.248-22.628 0l-22.627 22.627c-6.248 6.248-6.248 16.379 0 22.627l104 104c6.249 6.249 16.379 6.249 22.628.001z\"><\/path><\/svg>\t\t\t\t\t\t<\/span>\n\t\t\t\t\t\t\t\t\t\t<span class=\"elementor-icon-list-text\">A Finbloom \u00e9 uma plataforma digital que conecta o mundo cripto \u00e0s necessidades reais das pessoas e empresas.<\/span>\n\t\t\t\t\t\t\t\t\t<\/li>\n\t\t\t\t\t\t\t\t<li class=\"elementor-icon-list-item\">\n\t\t\t\t\t\t\t\t\t\t\t<span class=\"elementor-icon-list-icon\">\n\t\t\t\t\t\t\t<svg aria-hidden=\"true\" class=\"e-font-icon-svg e-fas-check-circle\" viewbox=\"0 0 512 512\" xmlns=\"http:\/\/www.w3.org\/2000\/svg\"><path d=\"M504 256c0 136.967-111.033 248-248 248S8 392.967 8 256 119.033 8 256 8s248 111.033 248 248zM227.314 387.314l184-184c6.248-6.248 6.248-16.379 0-22.627l-22.627-22.627c-6.248-6.249-16.379-6.249-22.628 0L216 308.118l-70.059-70.059c-6.248-6.248-16.379-6.248-22.628 0l-22.627 22.627c-6.248 6.248-6.248 16.379 0 22.627l104 104c6.249 6.249 16.379 6.249 22.628.001z\"><\/path><\/svg>\t\t\t\t\t\t<\/span>\n\t\t\t\t\t\t\t\t\t\t<span class=\"elementor-icon-list-text\">Com a Finbloom, voc\u00ea pode comprar e vender criptoativos diretamente em reais, enviar e receber valores globalmente com agilidade, e acessar uma experi\u00eancia segura, pr\u00e1tica e transparente.<\/span>\n\t\t\t\t\t\t\t\t\t<\/li>\n\t\t\t\t\t\t\t\t<li class=\"elementor-icon-list-item\">\n\t\t\t\t\t\t\t\t\t\t\t<span class=\"elementor-icon-list-icon\">\n\t\t\t\t\t\t\t<svg aria-hidden=\"true\" class=\"e-font-icon-svg e-fas-check-circle\" viewbox=\"0 0 512 512\" xmlns=\"http:\/\/www.w3.org\/2000\/svg\"><path d=\"M504 256c0 136.967-111.033 248-248 248S8 392.967 8 256 119.033 8 256 8s248 111.033 248 248zM227.314 387.314l184-184c6.248-6.248 6.248-16.379 0-22.627l-22.627-22.627c-6.248-6.249-16.379-6.249-22.628 0L216 308.118l-70.059-70.059c-6.248-6.248-16.379-6.248-22.628 0l-22.627 22.627c-6.248 6.248-6.248 16.379 0 22.627l104 104c6.249 6.249 16.379 6.249 22.628.001z\"><\/path><\/svg>\t\t\t\t\t\t<\/span>\n\t\t\t\t\t\t\t\t\t\t<span class=\"elementor-icon-list-text\">Estamos comprometidos com o futuro das finan\u00e7as digitais \u2014 com foco na regula\u00e7\u00e3o, seguran\u00e7a e facilidade de uso para todos.<\/span>\n\t\t\t\t\t\t\t\t\t<\/li>\n\t\t\t\t\t\t<\/ul>\n\t\t\t\t<\/div>\n\t\t\t\t<\/div>\n\t\t\t\t\t<\/div>\n\t\t<\/div>\n\t\t\t\t\t\t\t<\/div>\n\t\t<\/section>\n\t\t\t\t\t<\/div>\n\t\t<\/div>\n\t\t\t\t\t\t\t<\/div>\n\t\t<\/section>\n\t\t<div class=\"elementor-element elementor-element-ae1ac84 e-flex e-con-boxed e-con e-parent\" data-id=\"ae1ac84\" data-element_type=\"container\" data-settings=\"{&quot;content_width&quot;:&quot;boxed&quot;}\" data-core-v316-plus=\"true\">\n\t\t\t\t\t<div class=\"e-con-inner\">\n\t\t\t\t<div class=\"elementor-element elementor-element-9bb3c07 elementor-widget elementor-widget-heading\" data-id=\"9bb3c07\" data-element_type=\"widget\" data-widget_type=\"heading.default\">\n\t\t\t\t<div class=\"elementor-widget-container\">\n\t\t\t<h4 class=\"elementor-heading-title elementor-size-default\">Interface da Plataforma<\/h4>\t\t<\/div>\n\t\t\t\t<\/div>\n\t\t\t\t\t<\/div>\n\t\t\t\t<\/div>\n\t\t\t\t<section class=\"elementor-section elementor-top-section elementor-element elementor-element-6e40482 elementor-section-boxed elementor-section-height-default elementor-section-height-default wpr-multicolor-no wpr-particle-no\" data-id=\"6e40482\" data-element_type=\"section\" data-settings=\"{&quot;background_background&quot;:&quot;classic&quot;}\">\n\t\t\t\t\t\t<div class=\"elementor-container elementor-column-gap-default\">\n\t\t\t\t\t<div class=\"elementor-column elementor-col-50 elementor-top-column elementor-element elementor-element-ffbe427 elementor-invisible\" data-id=\"ffbe427\" data-element_type=\"column\" data-settings=\"{&quot;animation&quot;:&quot;fadeInLeft&quot;}\">\n\t\t\t<div class=\"elementor-widget-wrap elementor-element-populated\">\n\t\t\t\t\t\t\t\t<div class=\"elementor-element elementor-element-61b0b4a elementor-widget__width-initial elementor-widget elementor-widget-heading\" data-id=\"61b0b4a\" data-element_type=\"widget\" data-widget_type=\"heading.default\">\n\t\t\t\t<div class=\"elementor-widget-container\">\n\t\t\t<h2 class=\"elementor-heading-title elementor-size-default\">Plataforma Simples e Intuitiva<\/h2>\t\t<\/div>\n\t\t\t\t<\/div>\n\t\t\t\t<div class=\"elementor-element elementor-element-f00ac76 elementor-widget elementor-widget-text-editor\" data-id=\"f00ac76\" data-element_type=\"widget\" data-widget_type=\"text-editor.default\">\n\t\t\t\t<div class=\"elementor-widget-container\">\n\t\t\t<style>\/*! elementor - v3.18.0 - 20-12-2023 *\/\n.elementor-widget-text-editor.elementor-drop-cap-view-stacked .elementor-drop-cap{background-color:#69727d;color:#fff}.elementor-widget-text-editor.elementor-drop-cap-view-framed .elementor-drop-cap{color:#69727d;border:3px solid;background-color:transparent}.elementor-widget-text-editor:not(.elementor-drop-cap-view-default) .elementor-drop-cap{margin-top:8px}.elementor-widget-text-editor:not(.elementor-drop-cap-view-default) .elementor-drop-cap-letter{width:1em;height:1em}.elementor-widget-text-editor .elementor-drop-cap{float:left;text-align:center;line-height:1;font-size:50px}.elementor-widget-text-editor .elementor-drop-cap-letter{display:inline-block}<\/style>\t\t\t\t<h6>- Registro e verifica\u00e7\u00e3o em minutos<\/h6><h6>\u00a0<\/h6><h6>- Carteira digital integrada com saldo em BRL e cripto<\/h6><h6>\u00a0<\/h6><h6>- Convers\u00e3o em tempo real<\/h6><h6>\u00a0<\/h6><h6>- Painel claro de hist\u00f3rico e extratos<\/h6>\t\t\t\t\t\t<\/div>\n\t\t\t\t<\/div>\n\t\t\t\t\t<\/div>\n\t\t<\/div>\n\t\t\t\t<div class=\"elementor-column elementor-col-50 elementor-top-column elementor-element elementor-element-730dcdc elementor-invisible\" data-id=\"730dcdc\" data-element_type=\"column\" data-settings=\"{&quot;animation&quot;:&quot;fadeInRight&quot;}\">\n\t\t\t<div class=\"elementor-widget-wrap elementor-element-populated\">\n\t\t\t\t\t\t\t\t<div class=\"elementor-element elementor-element-84043e8 elementor-widget elementor-widget-image\" data-id=\"84043e8\" data-element_type=\"widget\" data-widget_type=\"image.default\">\n\t\t\t\t<div class=\"elementor-widget-container\">\n\t\t\t<style>\/*! elementor - v3.18.0 - 20-12-2023 *\/\n.elementor-widget-image{text-align:center}.elementor-widget-image a{display:inline-block}.elementor-widget-image a img[src$=\".svg\"]{width:48px}.elementor-widget-image img{vertical-align:middle;display:inline-block}<\/style>\t\t\t\t\t\t\t\t\t\t\t\t<img decoding=\"async\" width=\"1280\" height=\"720\" src=\"https:\/\/finbloom.com.br\/wp-content\/uploads\/2023\/12\/Aayi5IpSc57QzRWgwusvFTMyEecRmob3jmGueUln.jpg\" class=\"attachment-full size-full wp-image-9091\" alt=\"\" srcset=\"https:\/\/finbloom.com.br\/wp-content\/uploads\/2023\/12\/Aayi5IpSc57QzRWgwusvFTMyEecRmob3jmGueUln.jpg 1280w, https:\/\/finbloom.com.br\/wp-content\/uploads\/2023\/12\/Aayi5IpSc57QzRWgwusvFTMyEecRmob3jmGueUln-300x169.jpg 300w, https:\/\/finbloom.com.br\/wp-content\/uploads\/2023\/12\/Aayi5IpSc57QzRWgwusvFTMyEecRmob3jmGueUln-1024x576.jpg 1024w, https:\/\/finbloom.com.br\/wp-content\/uploads\/2023\/12\/Aayi5IpSc57QzRWgwusvFTMyEecRmob3jmGueUln-768x432.jpg 768w\" sizes=\"(max-width: 1280px) 100vw, 1280px\" \/>\t\t\t\t\t\t\t\t\t\t\t\t\t\t\t<\/div>\n\t\t\t\t<\/div>\n\t\t\t\t\t<\/div>\n\t\t<\/div>\n\t\t\t\t\t\t\t<\/div>\n\t\t<\/section>\n\t\t\t\t<section class=\"elementor-section elementor-top-section elementor-element elementor-element-9a231fc elementor-section-boxed elementor-section-height-default elementor-section-height-default wpr-multicolor-no wpr-particle-no\" data-id=\"9a231fc\" data-element_type=\"section\" data-settings=\"{&quot;background_background&quot;:&quot;classic&quot;}\">\n\t\t\t\t\t\t<div class=\"elementor-container elementor-column-gap-default\">\n\t\t\t\t\t<div class=\"elementor-column elementor-col-50 elementor-top-column elementor-element elementor-element-4bce8ba order-r-2  elementor-invisible\" data-id=\"4bce8ba\" data-element_type=\"column\" data-settings=\"{&quot;animation&quot;:&quot;fadeInLeft&quot;}\">\n\t\t\t<div class=\"elementor-widget-wrap elementor-element-populated\">\n\t\t\t\t\t\t\t\t<div class=\"elementor-element elementor-element-2ec8925 elementor-widget elementor-widget-image\" data-id=\"2ec8925\" data-element_type=\"widget\" data-widget_type=\"image.default\">\n\t\t\t\t<div class=\"elementor-widget-container\">\n\t\t\t\t\t\t\t\t\t\t\t\t\t\t\t<img loading=\"lazy\" decoding=\"async\" width=\"544\" height=\"415\" src=\"https:\/\/finbloom.com.br\/wp-content\/uploads\/2022\/03\/about-2.png\" class=\"attachment-full size-full wp-image-1244\" alt=\"\" srcset=\"https:\/\/finbloom.com.br\/wp-content\/uploads\/2022\/03\/about-2.png 544w, https:\/\/finbloom.com.br\/wp-content\/uploads\/2022\/03\/about-2-300x229.png 300w\" sizes=\"(max-width: 544px) 100vw, 544px\" \/>\t\t\t\t\t\t\t\t\t\t\t\t\t\t\t<\/div>\n\t\t\t\t<\/div>\n\t\t\t\t\t<\/div>\n\t\t<\/div>\n\t\t\t\t<div class=\"elementor-column elementor-col-50 elementor-top-column elementor-element elementor-element-489ca73 order-r-1 elementor-invisible\" data-id=\"489ca73\" data-element_type=\"column\" data-settings=\"{&quot;animation&quot;:&quot;fadeInRight&quot;}\">\n\t\t\t<div class=\"elementor-widget-wrap elementor-element-populated\">\n\t\t\t\t\t\t\t\t<div class=\"elementor-element elementor-element-ef8b08c elementor-widget__width-initial elementor-widget elementor-widget-heading\" data-id=\"ef8b08c\" data-element_type=\"widget\" data-widget_type=\"heading.default\">\n\t\t\t\t<div class=\"elementor-widget-container\">\n\t\t\t<h3 class=\"elementor-heading-title elementor-size-default\">Por Que a Finbloom?<\/h3>\t\t<\/div>\n\t\t\t\t<\/div>\n\t\t\t\t<div class=\"elementor-element elementor-element-201bca7 elementor-widget elementor-widget-text-editor\" data-id=\"201bca7\" data-element_type=\"widget\" data-widget_type=\"text-editor.default\">\n\t\t\t\t<div class=\"elementor-widget-container\">\n\t\t\t\t\t\t\t<p><strong>Simples, Confi\u00e1vel e Transparente<\/strong><\/p>\t\t\t\t\t\t<\/div>\n\t\t\t\t<\/div>\n\t\t\t\t<div class=\"elementor-element elementor-element-c85ecf4 elementor-widget elementor-widget-text-editor\" data-id=\"c85ecf4\" data-element_type=\"widget\" data-widget_type=\"text-editor.default\">\n\t\t\t\t<div class=\"elementor-widget-container\">\n\t\t\t\t\t\t\t<ul><li><h5>\ud83d\udee1\ufe0fConfi\u00e1vel: infraestrutura regulat\u00f3ria internacional<\/h5><\/li><\/ul><p>\u00a0<\/p><ul><li><h5>\ud83d\udcb8 Sem complica\u00e7\u00f5es: cadastre, converta e envie em minutos<\/h5><\/li><li>\u00a0<\/li><li><h5>\ud83d\udcf2 Interface intuitiva e sem necessidade de app<\/h5><\/li><li>\u00a0<\/li><li><h5>\ud83e\uddfe Comprovante de cada transa\u00e7\u00e3o<\/h5><\/li><li>\u00a0<\/li><li><h5>\ud83c\udf0d Atendimento local e global<\/h5><\/li><\/ul>\t\t\t\t\t\t<\/div>\n\t\t\t\t<\/div>\n\t\t\t\t\t<\/div>\n\t\t<\/div>\n\t\t\t\t\t\t\t<\/div>\n\t\t<\/section>\n\t\t\t\t\t\t\t<\/div>","protected":false},"excerpt":{"rendered":"<p>About us HOME About Us Finbloom is a digital platform that connects the crypto world with the real-life needs of individuals and businesses. With Finbloom, you can buy and sell crypto directly in BRL, send and receive global payments quickly, and enjoy a secure, simple, and transparent experience. We are committed to the future of [&hellip;]<\/p>","protected":false},"author":1,"featured_media":0,"parent":0,"menu_order":0,"comment_status":"closed","ping_status":"closed","template":"elementor_header_footer","meta":{"footnotes":""},"class_list":["post-1196","page","type-page","status-publish","hentry"],"aioseo_notices":[],"_links":{"self":[{"href":"https:\/\/finbloom.com.br\/pt\/wp-json\/wp\/v2\/pages\/1196","targetHints":{"allow":["GET"]}}],"collection":[{"href":"https:\/\/finbloom.com.br\/pt\/wp-json\/wp\/v2\/pages"}],"about":[{"href":"https:\/\/finbloom.com.br\/pt\/wp-json\/wp\/v2\/types\/page"}],"author":[{"embeddable":true,"href":"https:\/\/finbloom.com.br\/pt\/wp-json\/wp\/v2\/users\/1"}],"replies":[{"embeddable":true,"href":"https:\/\/finbloom.com.br\/pt\/wp-json\/wp\/v2\/comments?post=1196"}],"version-history":[{"count":40,"href":"https:\/\/finbloom.com.br\/pt\/wp-json\/wp\/v2\/pages\/1196\/revisions"}],"predecessor-version":[{"id":9689,"href":"https:\/\/finbloom.com.br\/pt\/wp-json\/wp\/v2\/pages\/1196\/revisions\/9689"}],"wp:attachment":[{"href":"https:\/\/finbloom.com.br\/pt\/wp-json\/wp\/v2\/media?parent=1196"}],"curies":[{"name":"wp","href":"https:\/\/api.w.org\/{rel}","templated":true}]}}